{"id":1709,"date":"2018-10-31T12:14:20","date_gmt":"2018-10-31T12:14:20","guid":{"rendered":"https:\/\/www.wexfm.pl\/?page_id=1709"},"modified":"2019-02-20T11:01:37","modified_gmt":"2019-02-20T11:01:37","slug":"klauzula-informacyjna","status":"publish","type":"page","link":"https:\/\/www.wexfm.pl\/index.php\/klauzula-informacyjna\/","title":{"rendered":"Klauzula Informacyjna"},"content":{"rendered":"<h2 style=\"text-align: center;\"><strong>KLAUZULA INFORMACYJNA<\/strong><\/h2>\n<p>Zgodnie z art. 13 ust. 1 i ust. 2 og\u00f3lnego rozporz\u0105dzenia o ochronie danych osobowych z dnia 27 kwietnia 2016 r. informuj\u0119, i\u017c:<\/p>\n<p>Administratorem Pani\/Pana danych osobowych jest <strong>WEX Facility Management Sp. z o.o.\u00a0<\/strong>z siedzib\u0105 w \u015awidnicy, ul. Gen. M. Langiewicza 7\/3, 58-105 \u015awidnica.<\/p>\n<p>Pani\/Pana dane osobowe przetwarzane b\u0119d\u0105 w celu realizacji sk\u0142adanych przez Pa\u0144stwa zam\u00f3wie\u0144, na podstawie Rozporz\u0105dzenia Parlamentu Europejskiego i Rady (UE) 2016\/679 z dnia 27 kwietnia 2016 r. :<\/p>\n<p>art. 6 ust 1 pkt b, przetwarzanie jest niezb\u0119dne do wykonania umowy, kt\u00f3rej stron\u0105 jest osoba, kt\u00f3rej dane dotycz\u0105, lub do podj\u0119cia dzia\u0142a\u0144 na \u017c\u0105danie osoby, kt\u00f3rej dane dotycz\u0105, przed zawarciem umowy;<\/p>\n<p>art. 6 ust 1 pkt c, przetwarzanie jest niezb\u0119dne do wype\u0142nienia obowi\u0105zku prawnego ci\u0105\u017c\u0105cego na administratorze;<\/p>\n<p>art. 6 ust 1 pkt f, przetwarzanie jest niezb\u0119dne do cel\u00f3w wynikaj\u0105cych z prawnie uzasadnionych interes\u00f3w realizowanych przez administratora lub przez stron\u0119 trzeci\u0105.<\/p>\n<p>Posiada Pani\/Pan prawo dost\u0119pu do tre\u015bci swoich danych oraz prawo ich sprostowania, usuni\u0119cia, ograniczenia przetwarzania, prawo do przenoszenia danych oraz prawo wniesienia sprzeciwu.<\/p>\n<p>Pa\u0144stwa dane przetwarzane b\u0119d\u0105 do czasu istnienia podstawy do ich przetwarzania:<\/p>\n<ul>\n<li>w przypadku niezb\u0119dno\u015bci danych do wykonania umowy \u2013 przez czas jej wykonywania oraz w okresie niezb\u0119dnym do dochodzenia roszcze\u0144, a tak\u017ce z uwagi na obowi\u0105zki przewidziane prawem, np. podatkowe,<\/li>\n<li>w przypadku, gdy podstaw\u0105 przetwarzania danych jest uzasadniony interes administratora \u2013 do czasu istnienia tego uzasadnionego interesu.<\/li>\n<\/ul>\n<p>Uzyskanych od Pa\u0144stwa danych osobowych nie udost\u0119pniamy osobom trzecim, za wyj\u0105tkiem podmiot\u00f3w wsp\u00f3\u0142pracuj\u0105cych ze Sp\u00f3\u0142k\u0105, tylko i wy\u0142\u0105cznie do cel\u00f3w zwi\u0105zanych z realizacj\u0105 zam\u00f3wnie\u0144.\u00a0 W takich przypadkach ilo\u015b\u0107 danych przekazywanych podmiotom wsp\u00f3\u0142pracuj\u0105cym z WEX Facility Management Sp. z o.o. ograniczona jest do wymaganego minimum.<\/p>\n<p>Ma Pan\/Pani prawo wniesienia skargi do Prezesa Urz\u0119du Ochrony Danych Osobowych (PUODO) w Warszawie gdy uzna Pani\/Pan, i\u017c przetwarzanie danych osobowych Pani\/Pana dotycz\u0105cych narusza przepisy og\u00f3lnego rozporz\u0105dzenia o ochronie danych osobowych z dnia 27 kwietnia 2016 r.;<\/p>\n","protected":false},"excerpt":{"rendered":"<p>KLAUZULA INFORMACYJNA Zgodnie z art. 13 ust. 1 i ust. 2 og\u00f3lnego rozporz\u0105dzenia o ochronie danych osobowych z dnia 27 kwietnia 2016 r. informuj\u0119, i\u017c: Administratorem Pani\/Pana danych osobowych jest WEX Facility Management Sp. z o.o.\u00a0z siedzib\u0105 w \u015awidnicy, ul. Gen. M. Langiewicza 7\/3, 58-105 \u015awidnica. Pani\/Pana dane osobowe przetwarzane b\u0119d\u0105 w celu realizacji sk\u0142adanych [&hellip;]<\/p>\n","protected":false},"author":1,"featured_media":0,"parent":0,"menu_order":0,"comment_status":"closed","ping_status":"closed","template":"100-width.php","meta":{"footnotes":""},"class_list":["post-1709","page","type-page","status-publish","hentry"],"yoast_head":"<!-- This site is optimized with the Yoast SEO plugin v27.5 - https:\/\/yoast.com\/product\/yoast-seo-wordpress\/ -->\n<title>Klauzula Informacyjna | Mobilny Zarz\u0105dca Nieruchomo\u015bci | WEX Facility Management<\/title>\n<meta name=\"description\" content=\"WEX Facility Management | Zintegrowane us\u0142ugi w zakresie Facility Management | Wsparcie Proces\u00f3w w Przemy\u015ble\" \/>\n<meta name=\"robots\" content=\"index, follow, max-snippet:-1, max-image-preview:large, max-video-preview:-1\" \/>\n<link rel=\"canonical\" href=\"https:\/\/www.wexfm.pl\/index.php\/klauzula-informacyjna\/\" \/>\n<meta property=\"og:locale\" content=\"pl_PL\" \/>\n<meta property=\"og:type\" content=\"article\" \/>\n<meta property=\"og:title\" content=\"Klauzula Informacyjna | Mobilny Zarz\u0105dca Nieruchomo\u015bci | WEX Facility Management\" \/>\n<meta property=\"og:description\" content=\"WEX Facility Management | Zintegrowane us\u0142ugi w zakresie Facility Management | Wsparcie Proces\u00f3w w Przemy\u015ble\" \/>\n<meta property=\"og:url\" content=\"https:\/\/www.wexfm.pl\/index.php\/klauzula-informacyjna\/\" \/>\n<meta property=\"og:site_name\" content=\"Mobilny Zarz\u0105dca Nieruchomo\u015bci | WEX Facility Management\" \/>\n<meta property=\"article:publisher\" content=\"https:\/\/www.facebook.com\/wexfm\/\" \/>\n<meta property=\"article:modified_time\" content=\"2019-02-20T11:01:37+00:00\" \/>\n<meta name=\"twitter:card\" content=\"summary_large_image\" \/>\n<meta name=\"twitter:site\" content=\"@wex_fm\" \/>\n<meta name=\"twitter:label1\" content=\"Szacowany czas czytania\" \/>\n\t<meta name=\"twitter:data1\" content=\"2 minuty\" \/>\n<script type=\"application\/ld+json\" class=\"yoast-schema-graph\">{\"@context\":\"https:\\\/\\\/schema.org\",\"@graph\":[{\"@type\":\"WebPage\",\"@id\":\"https:\\\/\\\/www.wexfm.pl\\\/index.php\\\/klauzula-informacyjna\\\/\",\"url\":\"https:\\\/\\\/www.wexfm.pl\\\/index.php\\\/klauzula-informacyjna\\\/\",\"name\":\"Klauzula Informacyjna | Mobilny Zarz\u0105dca Nieruchomo\u015bci | WEX Facility Management\",\"isPartOf\":{\"@id\":\"https:\\\/\\\/www.wexfm.pl\\\/#website\"},\"datePublished\":\"2018-10-31T12:14:20+00:00\",\"dateModified\":\"2019-02-20T11:01:37+00:00\",\"description\":\"WEX Facility Management | Zintegrowane us\u0142ugi w zakresie Facility Management | Wsparcie Proces\u00f3w w Przemy\u015ble\",\"breadcrumb\":{\"@id\":\"https:\\\/\\\/www.wexfm.pl\\\/index.php\\\/klauzula-informacyjna\\\/#breadcrumb\"},\"inLanguage\":\"pl-PL\",\"potentialAction\":[{\"@type\":\"ReadAction\",\"target\":[\"https:\\\/\\\/www.wexfm.pl\\\/index.php\\\/klauzula-informacyjna\\\/\"]}]},{\"@type\":\"BreadcrumbList\",\"@id\":\"https:\\\/\\\/www.wexfm.pl\\\/index.php\\\/klauzula-informacyjna\\\/#breadcrumb\",\"itemListElement\":[{\"@type\":\"ListItem\",\"position\":1,\"name\":\"Home\",\"item\":\"https:\\\/\\\/www.wexfm.pl\\\/\"},{\"@type\":\"ListItem\",\"position\":2,\"name\":\"Klauzula Informacyjna\"}]},{\"@type\":\"WebSite\",\"@id\":\"https:\\\/\\\/www.wexfm.pl\\\/#website\",\"url\":\"https:\\\/\\\/www.wexfm.pl\\\/\",\"name\":\"Mobilny Zarz\u0105dca Nieruchomo\u015bci | WEX Facility Management\",\"description\":\"Zintegrowane us\u0142ugi Facility Management | Wsparcie Proces\u00f3w Produkcyjnych\",\"publisher\":{\"@id\":\"https:\\\/\\\/www.wexfm.pl\\\/#organization\"},\"potentialAction\":[{\"@type\":\"SearchAction\",\"target\":{\"@type\":\"EntryPoint\",\"urlTemplate\":\"https:\\\/\\\/www.wexfm.pl\\\/?s={search_term_string}\"},\"query-input\":{\"@type\":\"PropertyValueSpecification\",\"valueRequired\":true,\"valueName\":\"search_term_string\"}}],\"inLanguage\":\"pl-PL\"},{\"@type\":\"Organization\",\"@id\":\"https:\\\/\\\/www.wexfm.pl\\\/#organization\",\"name\":\"WEX Facility Management Sp. z o.o. | Wsparcie Proces\u00f3w Przemys\u0142owych\",\"url\":\"https:\\\/\\\/www.wexfm.pl\\\/\",\"logo\":{\"@type\":\"ImageObject\",\"inLanguage\":\"pl-PL\",\"@id\":\"https:\\\/\\\/www.wexfm.pl\\\/#\\\/schema\\\/logo\\\/image\\\/\",\"url\":\"https:\\\/\\\/www.wexfm.pl\\\/wp-content\\\/uploads\\\/2016\\\/07\\\/Logo_WEX_Facility_Managment.png\",\"contentUrl\":\"https:\\\/\\\/www.wexfm.pl\\\/wp-content\\\/uploads\\\/2016\\\/07\\\/Logo_WEX_Facility_Managment.png\",\"width\":266,\"height\":79,\"caption\":\"WEX Facility Management Sp. z o.o. | Wsparcie Proces\u00f3w Przemys\u0142owych\"},\"image\":{\"@id\":\"https:\\\/\\\/www.wexfm.pl\\\/#\\\/schema\\\/logo\\\/image\\\/\"},\"sameAs\":[\"https:\\\/\\\/www.facebook.com\\\/wexfm\\\/\",\"https:\\\/\\\/x.com\\\/wex_fm\",\"https:\\\/\\\/www.linkedin.com\\\/company\\\/wex_facility\\\/\"]}]}<\/script>\n<!-- \/ Yoast SEO plugin. -->","yoast_head_json":{"title":"Klauzula Informacyjna | Mobilny Zarz\u0105dca Nieruchomo\u015bci | WEX Facility Management","description":"WEX Facility Management | Zintegrowane us\u0142ugi w zakresie Facility Management | Wsparcie Proces\u00f3w w Przemy\u015ble","robots":{"index":"index","follow":"follow","max-snippet":"max-snippet:-1","max-image-preview":"max-image-preview:large","max-video-preview":"max-video-preview:-1"},"canonical":"https:\/\/www.wexfm.pl\/index.php\/klauzula-informacyjna\/","og_locale":"pl_PL","og_type":"article","og_title":"Klauzula Informacyjna | Mobilny Zarz\u0105dca Nieruchomo\u015bci | WEX Facility Management","og_description":"WEX Facility Management | Zintegrowane us\u0142ugi w zakresie Facility Management | Wsparcie Proces\u00f3w w Przemy\u015ble","og_url":"https:\/\/www.wexfm.pl\/index.php\/klauzula-informacyjna\/","og_site_name":"Mobilny Zarz\u0105dca Nieruchomo\u015bci | WEX Facility Management","article_publisher":"https:\/\/www.facebook.com\/wexfm\/","article_modified_time":"2019-02-20T11:01:37+00:00","twitter_card":"summary_large_image","twitter_site":"@wex_fm","twitter_misc":{"Szacowany czas czytania":"2 minuty"},"schema":{"@context":"https:\/\/schema.org","@graph":[{"@type":"WebPage","@id":"https:\/\/www.wexfm.pl\/index.php\/klauzula-informacyjna\/","url":"https:\/\/www.wexfm.pl\/index.php\/klauzula-informacyjna\/","name":"Klauzula Informacyjna | Mobilny Zarz\u0105dca Nieruchomo\u015bci | WEX Facility Management","isPartOf":{"@id":"https:\/\/www.wexfm.pl\/#website"},"datePublished":"2018-10-31T12:14:20+00:00","dateModified":"2019-02-20T11:01:37+00:00","description":"WEX Facility Management | Zintegrowane us\u0142ugi w zakresie Facility Management | Wsparcie Proces\u00f3w w Przemy\u015ble","breadcrumb":{"@id":"https:\/\/www.wexfm.pl\/index.php\/klauzula-informacyjna\/#breadcrumb"},"inLanguage":"pl-PL","potentialAction":[{"@type":"ReadAction","target":["https:\/\/www.wexfm.pl\/index.php\/klauzula-informacyjna\/"]}]},{"@type":"BreadcrumbList","@id":"https:\/\/www.wexfm.pl\/index.php\/klauzula-informacyjna\/#breadcrumb","itemListElement":[{"@type":"ListItem","position":1,"name":"Home","item":"https:\/\/www.wexfm.pl\/"},{"@type":"ListItem","position":2,"name":"Klauzula Informacyjna"}]},{"@type":"WebSite","@id":"https:\/\/www.wexfm.pl\/#website","url":"https:\/\/www.wexfm.pl\/","name":"Mobilny Zarz\u0105dca Nieruchomo\u015bci | WEX Facility Management","description":"Zintegrowane us\u0142ugi Facility Management | Wsparcie Proces\u00f3w Produkcyjnych","publisher":{"@id":"https:\/\/www.wexfm.pl\/#organization"},"potentialAction":[{"@type":"SearchAction","target":{"@type":"EntryPoint","urlTemplate":"https:\/\/www.wexfm.pl\/?s={search_term_string}"},"query-input":{"@type":"PropertyValueSpecification","valueRequired":true,"valueName":"search_term_string"}}],"inLanguage":"pl-PL"},{"@type":"Organization","@id":"https:\/\/www.wexfm.pl\/#organization","name":"WEX Facility Management Sp. z o.o. | Wsparcie Proces\u00f3w Przemys\u0142owych","url":"https:\/\/www.wexfm.pl\/","logo":{"@type":"ImageObject","inLanguage":"pl-PL","@id":"https:\/\/www.wexfm.pl\/#\/schema\/logo\/image\/","url":"https:\/\/www.wexfm.pl\/wp-content\/uploads\/2016\/07\/Logo_WEX_Facility_Managment.png","contentUrl":"https:\/\/www.wexfm.pl\/wp-content\/uploads\/2016\/07\/Logo_WEX_Facility_Managment.png","width":266,"height":79,"caption":"WEX Facility Management Sp. z o.o. | Wsparcie Proces\u00f3w Przemys\u0142owych"},"image":{"@id":"https:\/\/www.wexfm.pl\/#\/schema\/logo\/image\/"},"sameAs":["https:\/\/www.facebook.com\/wexfm\/","https:\/\/x.com\/wex_fm","https:\/\/www.linkedin.com\/company\/wex_facility\/"]}]}},"_links":{"self":[{"href":"https:\/\/www.wexfm.pl\/index.php\/wp-json\/wp\/v2\/pages\/1709","targetHints":{"allow":["GET"]}}],"collection":[{"href":"https:\/\/www.wexfm.pl\/index.php\/wp-json\/wp\/v2\/pages"}],"about":[{"href":"https:\/\/www.wexfm.pl\/index.php\/wp-json\/wp\/v2\/types\/page"}],"author":[{"embeddable":true,"href":"https:\/\/www.wexfm.pl\/index.php\/wp-json\/wp\/v2\/users\/1"}],"replies":[{"embeddable":true,"href":"https:\/\/www.wexfm.pl\/index.php\/wp-json\/wp\/v2\/comments?post=1709"}],"version-history":[{"count":5,"href":"https:\/\/www.wexfm.pl\/index.php\/wp-json\/wp\/v2\/pages\/1709\/revisions"}],"predecessor-version":[{"id":1773,"href":"https:\/\/www.wexfm.pl\/index.php\/wp-json\/wp\/v2\/pages\/1709\/revisions\/1773"}],"wp:attachment":[{"href":"https:\/\/www.wexfm.pl\/index.php\/wp-json\/wp\/v2\/media?parent=1709"}],"curies":[{"name":"wp","href":"https:\/\/api.w.org\/{rel}","templated":true}]}}